{"id":539,"date":"2020-02-09T17:13:03","date_gmt":"2020-02-09T16:13:03","guid":{"rendered":"https:\/\/www.benadent.sk\/dentalna-hygiena\/?page_id=539"},"modified":"2020-03-05T12:16:23","modified_gmt":"2020-03-05T11:16:23","slug":"ambulancia","status":"publish","type":"page","link":"https:\/\/www.benadent.sk\/dentalna-hygiena\/ambulancia\/","title":{"rendered":"Ambulancia"},"content":{"rendered":"\n\n<div id=\"pl-gb539-6a0946552f278\"  class=\"panel-layout\" ><div id=\"pg-gb539-6a0946552f278-0\"  class=\"panel-grid panel-no-style\" ><div id=\"pgc-gb539-6a0946552f278-0-0\"  class=\"panel-grid-cell\" ><div id=\"panel-gb539-6a0946552f278-0-0-0\" class=\"so-panel widget widget_headline-widget panel-first-child panel-last-child\" data-index=\"0\" >\t\t<h1><h1 style=\"color:#000\">Ambulancia<\/h1><\/h1>\n\t\t<div class=\"decoration\"><div class=\"decoration-inside\"><\/div><\/div>\n\t\t<h3><\/h3>\n\t\t<\/div><\/div><\/div><div id=\"pg-gb539-6a0946552f278-1\"  class=\"panel-grid panel-no-style\" ><div id=\"pgc-gb539-6a0946552f278-1-0\"  class=\"panel-grid-cell\" ><div id=\"panel-gb539-6a0946552f278-1-0-0\" class=\"widget_text so-panel widget widget_custom_html panel-first-child panel-last-child\" data-index=\"1\" ><div class=\"textwidget custom-html-widget\"><!-- default-view.php -->\n<div\n\tclass=\"ngg-galleryoverview default-view \"\n\tid=\"ngg-gallery-33245cef03aac5b02637e09687ac0232-1\">\n\n\t\t<!-- Thumbnails -->\n\t\t\t\t<div id=\"ngg-image-0\" class=\"ngg-gallery-thumbnail-box \" >\n\t\t\t\t        <div class=\"ngg-gallery-thumbnail\">\n            <a href=\"https:\/\/www.benadent.sk\/dentalna-hygiena\/wp-content\/gallery\/ambulancia\/ambulanciaj1.jpg\"\n               title=\"\"\n               data-src=\"https:\/\/www.benadent.sk\/dentalna-hygiena\/wp-content\/gallery\/ambulancia\/ambulanciaj1.jpg\"\n               data-thumbnail=\"https:\/\/www.benadent.sk\/dentalna-hygiena\/wp-content\/gallery\/ambulancia\/thumbs\/thumbs_ambulanciaj1.jpg\"\n               data-image-id=\"20\"\n               data-title=\"Ambulancia\"\n               data-description=\"\"\n               data-image-slug=\"ambulanciaj1\"\n               class=\"ngg-simplelightbox\" rel=\"33245cef03aac5b02637e09687ac0232\">\n                <img loading=\"lazy\"\n                    title=\"Ambulancia\"\n                    alt=\"Ambulancia\"\n                    src=\"https:\/\/www.benadent.sk\/dentalna-hygiena\/wp-content\/gallery\/ambulancia\/thumbs\/thumbs_ambulanciaj1.jpg\"\n                    width=\"240\"\n                    height=\"160\"\n                    style=\"max-width:100%;\"\n                \/>\n            <\/a>\n        <\/div>\n\t\t\t\t\t\t\t<\/div> \n\t\t\t\n\t\t\t\t<div id=\"ngg-image-1\" class=\"ngg-gallery-thumbnail-box \" >\n\t\t\t\t        <div class=\"ngg-gallery-thumbnail\">\n            <a href=\"https:\/\/www.benadent.sk\/dentalna-hygiena\/wp-content\/gallery\/ambulancia\/ambulanciaj2.jpg\"\n               title=\"\"\n               data-src=\"https:\/\/www.benadent.sk\/dentalna-hygiena\/wp-content\/gallery\/ambulancia\/ambulanciaj2.jpg\"\n               data-thumbnail=\"https:\/\/www.benadent.sk\/dentalna-hygiena\/wp-content\/gallery\/ambulancia\/thumbs\/thumbs_ambulanciaj2.jpg\"\n               data-image-id=\"21\"\n               data-title=\"Ambulancia\"\n               data-description=\"\"\n               data-image-slug=\"ambulanciaj2\"\n               class=\"ngg-simplelightbox\" rel=\"33245cef03aac5b02637e09687ac0232\">\n                <img loading=\"lazy\"\n                    title=\"Ambulancia\"\n                    alt=\"Ambulancia\"\n                    src=\"https:\/\/www.benadent.sk\/dentalna-hygiena\/wp-content\/gallery\/ambulancia\/thumbs\/thumbs_ambulanciaj2.jpg\"\n                    width=\"240\"\n                    height=\"160\"\n                    style=\"max-width:100%;\"\n                \/>\n            <\/a>\n        <\/div>\n\t\t\t\t\t\t\t<\/div> \n\t\t\t\n\t\t\t\t<div id=\"ngg-image-2\" class=\"ngg-gallery-thumbnail-box \" >\n\t\t\t\t        <div class=\"ngg-gallery-thumbnail\">\n            <a href=\"https:\/\/www.benadent.sk\/dentalna-hygiena\/wp-content\/gallery\/ambulancia\/cakaren1.jpg\"\n               title=\"\"\n               data-src=\"https:\/\/www.benadent.sk\/dentalna-hygiena\/wp-content\/gallery\/ambulancia\/cakaren1.jpg\"\n               data-thumbnail=\"https:\/\/www.benadent.sk\/dentalna-hygiena\/wp-content\/gallery\/ambulancia\/thumbs\/thumbs_cakaren1.jpg\"\n               data-image-id=\"22\"\n               data-title=\"\u010cak\u00e1re\u0148\"\n               data-description=\"\"\n               data-image-slug=\"cakaren1\"\n               class=\"ngg-simplelightbox\" rel=\"33245cef03aac5b02637e09687ac0232\">\n                <img loading=\"lazy\"\n                    title=\"\u010cak\u00e1re\u0148\"\n                    alt=\"\u010cak\u00e1re\u0148\"\n                    src=\"https:\/\/www.benadent.sk\/dentalna-hygiena\/wp-content\/gallery\/ambulancia\/thumbs\/thumbs_cakaren1.jpg\"\n                    width=\"240\"\n                    height=\"160\"\n                    style=\"max-width:100%;\"\n                \/>\n            <\/a>\n        <\/div>\n\t\t\t\t\t\t\t<\/div> \n\t\t\t\n\t\t\t\t<div id=\"ngg-image-3\" class=\"ngg-gallery-thumbnail-box \" >\n\t\t\t\t        <div class=\"ngg-gallery-thumbnail\">\n            <a href=\"https:\/\/www.benadent.sk\/dentalna-hygiena\/wp-content\/gallery\/ambulancia\/cakaren2.jpg\"\n               title=\"\"\n               data-src=\"https:\/\/www.benadent.sk\/dentalna-hygiena\/wp-content\/gallery\/ambulancia\/cakaren2.jpg\"\n               data-thumbnail=\"https:\/\/www.benadent.sk\/dentalna-hygiena\/wp-content\/gallery\/ambulancia\/thumbs\/thumbs_cakaren2.jpg\"\n               data-image-id=\"23\"\n               data-title=\"\u010cak\u00e1re\u0148\"\n               data-description=\"\"\n               data-image-slug=\"cakaren2\"\n               class=\"ngg-simplelightbox\" rel=\"33245cef03aac5b02637e09687ac0232\">\n                <img loading=\"lazy\"\n                    title=\"\u010cak\u00e1re\u0148\"\n                    alt=\"\u010cak\u00e1re\u0148\"\n                    src=\"https:\/\/www.benadent.sk\/dentalna-hygiena\/wp-content\/gallery\/ambulancia\/thumbs\/thumbs_cakaren2.jpg\"\n                    width=\"240\"\n                    height=\"160\"\n                    style=\"max-width:100%;\"\n                \/>\n            <\/a>\n        <\/div>\n\t\t\t\t\t\t\t<\/div> \n\t\t\t\n\t\n\t<br style=\"clear: both\" \/>\n\n\t\n\t\t<!-- Pagination -->\n\t<div class='ngg-clear'><\/div>\t<\/div>\n<\/div><\/div><\/div><\/div><\/div>","protected":false},"excerpt":{"rendered":"","protected":false},"author":1,"featured_media":0,"parent":0,"menu_order":0,"comment_status":"closed","ping_status":"closed","template":"","meta":{"ngg_post_thumbnail":0},"uagb_featured_image_src":{"full":false,"thumbnail":false,"medium":false,"medium_large":false,"large":false,"1536x1536":false,"2048x2048":false,"post-thumbnail":false,"vantage-thumbnail-no-sidebar":false,"vantage-slide":false,"vantage-carousel":false,"vantage-grid-loop":false,"sow-carousel-default":false},"uagb_author_info":{"display_name":"patrik.vancik14@gmail.com","author_link":"https:\/\/www.benadent.sk\/dentalna-hygiena\/author\/patrik-vancik14gmail-com\/"},"uagb_comment_info":0,"uagb_excerpt":null,"_links":{"self":[{"href":"https:\/\/www.benadent.sk\/dentalna-hygiena\/wp-json\/wp\/v2\/pages\/539"}],"collection":[{"href":"https:\/\/www.benadent.sk\/dentalna-hygiena\/wp-json\/wp\/v2\/pages"}],"about":[{"href":"https:\/\/www.benadent.sk\/dentalna-hygiena\/wp-json\/wp\/v2\/types\/page"}],"author":[{"embeddable":true,"href":"https:\/\/www.benadent.sk\/dentalna-hygiena\/wp-json\/wp\/v2\/users\/1"}],"replies":[{"embeddable":true,"href":"https:\/\/www.benadent.sk\/dentalna-hygiena\/wp-json\/wp\/v2\/comments?post=539"}],"version-history":[{"count":9,"href":"https:\/\/www.benadent.sk\/dentalna-hygiena\/wp-json\/wp\/v2\/pages\/539\/revisions"}],"predecessor-version":[{"id":673,"href":"https:\/\/www.benadent.sk\/dentalna-hygiena\/wp-json\/wp\/v2\/pages\/539\/revisions\/673"}],"wp:attachment":[{"href":"https:\/\/www.benadent.sk\/dentalna-hygiena\/wp-json\/wp\/v2\/media?parent=539"}],"curies":[{"name":"wp","href":"https:\/\/api.w.org\/{rel}","templated":true}]}}