{"id":545,"date":"2020-02-09T17:55:58","date_gmt":"2020-02-09T16:55:58","guid":{"rendered":"https:\/\/www.benadent.sk\/dentalna-hygiena\/?page_id=545"},"modified":"2020-02-21T20:10:13","modified_gmt":"2020-02-21T19:10:13","slug":"podmienky-ochrany-osobnych-udajov","status":"publish","type":"page","link":"https:\/\/www.benadent.sk\/dentalna-hygiena\/podmienky-ochrany-osobnych-udajov\/","title":{"rendered":"Podmienky ochrany osobn\u00fdch \u00fadajov"},"content":{"rendered":"<div style=\"padding:20px\">\n<h1> Podmienky ochrany osobn\u00fdch \u00fadajov<\/h1>\n<p>Vymedzenie pojmov<\/p>\n<p>Na \u00fa\u010dely t\u00fdchto podmienok sa rozumie:<\/p>\n<p>\u201ePrev\u00e1dzkovate\u013eom\u201c&nbsp;BenaDent s. r. o., I\u010cO: 52 798 399, so s\u00eddlom Cintor\u00ednska 16A, 94 201 \u0160urany, kontaktn\u00fd email: benadent.k@gmail.com;<\/p>\n<p>\u201eDotknutou osobou\u201c&nbsp;osoba, ktor\u00e1 vo vlastnom mene alebo v&nbsp;zast\u00fapen\u00ed Prev\u00e1dzkovate\u013eovi poskytuje svoje osobn\u00e9 \u00fadaje na ni\u017e\u0161ie uveden\u00e9 \u00fa\u010dely, t. j. n\u00e1v\u0161tevn\u00edk Internetov\u00fdch str\u00e1nok Prev\u00e1dzkovate\u013ea, uch\u00e1dza\u010d o&nbsp;\u010dlenstvo u&nbsp;Prev\u00e1dzkovate\u013ea, \u010dlen Prev\u00e1dzkovate\u013ea alebo z\u00e1ujemca o&nbsp;\u00fa\u010das\u0165 na podujat\u00ed Prev\u00e1dzkovate\u013ea;<\/p>\n<p>\u201eInternetov\u00fdmi str\u00e1nkami\u201c&nbsp;str\u00e1nky Prev\u00e1dzkovate\u013ea na internetovej dom\u00e9ne benadent.sk;<\/p>\n<p>\u201eNariaden\u00edm\u201c&nbsp;nariadenie Eur\u00f3pskeho parlamentu a Rady (EU) \u010d. 2016\/679 zo d\u0148a 27. apr\u00edla 2016, v\u0161eobecn\u00e9 nariadenie o ochrane \u00fadajov (GDPR);<\/p>\n<p>\u201eZ\u00e1konom\u201c&nbsp;z\u00e1kon \u010d. 18\/2018 Z. z., o&nbsp;ochrane osobn\u00fdch \u00fadajov v&nbsp;znen\u00ed neskor\u0161\u00edch predpisov.<\/p>\n<p>Sprac\u00favanie osobn\u00fdch \u00fadajov pri odbere newslettera<\/p>\n<p>Osobn\u00e9 \u00fadaje Dotknutej osoby, ktor\u00e9 Prev\u00e1dzkovate\u013e spracuje na \u00fa\u010dely zasielania inform\u00e1ci\u00ed o&nbsp;novink\u00e1ch z&nbsp;podnikate\u013esk\u00e9ho prostredia, o s\u00fa\u0165a\u017eiach, anket\u00e1ch, prieskumoch, podujatiach a in\u00fdch aktivit\u00e1ch Prev\u00e1dzkovate\u013ea (newsletter), s\u00fa: emailov\u00e1 adresa Dotknutej osoby.<\/p>\n<p>Pr\u00e1vnym z\u00e1kladom spracovania t\u00fdchto dobrovo\u013ene poskytnut\u00fdch \u00fadajov je:<\/p>\n<p>opr\u00e1vnen\u00fd z\u00e1ujem Prev\u00e1dzkovate\u013ea spo\u010d\u00edvaj\u00faci v&nbsp;informovan\u00ed svojich \u010dlenov o&nbsp;aktivit\u00e1ch Prev\u00e1dzkovate\u013ea, pokia\u013e je Dotknut\u00e1 osoba z\u00e1rove\u0148 \u010dlenom Prev\u00e1dzkovate\u013ea. Odber newslettera je mo\u017en\u00e9 kedyko\u013evek ukon\u010di\u0165 kliknut\u00edm na akt\u00edvny odkaz umiestnen\u00fd na konci ka\u017ed\u00e9ho newslettera alebo na z\u00e1klade p\u00edsomnej \u017eiadosti zaslanej Prev\u00e1dzkovate\u013eovi;<br \/>\nS\u00fahlas Dotknutej osoby, ktor\u00e1 nie je \u010dlenom Prev\u00e1dzkovate\u013ea, udelen\u00fd v&nbsp;zmysle \u00a7 13 ods. 1 p\u00edsm. a) Z\u00e1kona v&nbsp;spojen\u00ed s&nbsp;ust. \u010dl. 6 ods. 1 p\u00edsm. a) Nariadenia, ktor\u00fd m\u00f4\u017ee by\u0165 kedyko\u013evek odvolan\u00fd kliknut\u00edm na akt\u00edvny odkaz umiestnen\u00fd na konci ka\u017ed\u00e9ho newslettera alebo na z\u00e1klade p\u00edsomnej \u017eiadosti zaslanej Prev\u00e1dzkovate\u013eovi.<\/p>\n<p>Osobn\u00e9 \u00fadaje bud\u00fa spracovan\u00e9 po dobu trvania z\u00e1ujmu Dotknutej osoby o&nbsp;zasielanie newslettera Prev\u00e1dzkovate\u013ea, teda po dobu trvania \u00fa\u010delu ich sprac\u00favania.<\/p>\n<p>Spracovan\u00edm osobn\u00fdch \u00fadajov Dotknutej osoby m\u00f4\u017ee by\u0165 poveren\u00fd sprostredkovate\u013e, ktor\u00fd pre Prev\u00e1dzkovate\u013ea a&nbsp;jeho \u00fa\u010dely zais\u0165uje alebo m\u00f4\u017ee zais\u0165ova\u0165 webhostingov\u00e9 slu\u017eby, spr\u00e1vu Internetov\u00fdch str\u00e1nok, spr\u00e1vu CRM syst\u00e9mov Prev\u00e1dzkovate\u013ea, spr\u00e1vu newsletterov\u00fdch kampan\u00ed, pr\u00edpadne sprostredkovate\u013e, ktor\u00fd Prev\u00e1dzkovate\u013eovi poskytuje technick\u00e9 rie\u0161enie pre spr\u00e1vu newsletterov\u00fdch kampan\u00ed.<\/p>\n<p>Pri spracovan\u00ed osobn\u00fdch \u00fadajov Dotknutej osoby nebude doch\u00e1dza\u0165 k automatizovan\u00e9mu rozhodovaniu ani k&nbsp;profilovaniu, s&nbsp;v\u00fdnimkou pr\u00edpadnej segment\u00e1cie pod\u013ea miesta bydliska \u010di miesta podnikania Dotknutej osoby, pri\u010dom Prev\u00e1dzkovate\u013e nem\u00e1 v \u00famysle poskytn\u00fa\u0165 osobn\u00e9 \u00fadaje do 3. krajiny, medzin\u00e1rodnej organiz\u00e1cii ani 3. osob\u00e1m, s&nbsp;v\u00fdnimkou vy\u0161\u0161ie uveden\u00fdch sprostredkovate\u013eov.<\/p>\n<p>Dotknut\u00e1 osoba m\u00e1 predov\u0161etk\u00fdm pr\u00e1vo po\u017eadova\u0165 od Prev\u00e1dzkovate\u013ea pr\u00edstup k&nbsp;svojim osobn\u00fdm \u00fadajom, ich opravu alebo vymazanie, pr\u00edpadne obmedzenie spracovania, pr\u00e1vo namieta\u0165 proti spracovaniu, pr\u00e1vo na prenosnos\u0165 \u00fadajov k&nbsp;in\u00e9mu prev\u00e1dzkovate\u013eovi, ako aj pr\u00e1vo poda\u0165 s\u0165a\u017enos\u0165 \u00daradu na ochranu osobn\u00fdch \u00fadajov, ak Prev\u00e1dzkovate\u013e a\/alebo sprostredkovate\u013e postupuje pri spracovan\u00ed osobn\u00fdch \u00fadajov v&nbsp;rozpore s&nbsp;Nariaden\u00edm a\/alebo Z\u00e1konom.<\/p>\n<p>Newsletter nie je ur\u010den\u00fd pre Dotknut\u00e9 osoby mlad\u0161ie ako 16 rokov.<\/p>\n<p>Sprac\u00favanie osobn\u00fdch \u00fadajov pri podan\u00ed prihl\u00e1\u0161ky k&nbsp;\u010dlenstvu u Prev\u00e1dzkovate\u013ea<\/p>\n<p>Osobn\u00e9 \u00fadaje Dotknutej osoby, ktor\u00e9 Prev\u00e1dzkovate\u013e spracuje na \u00fa\u010dely podania a vyhodnotenia prihl\u00e1\u0161ky k&nbsp;\u010dlenstvu u&nbsp;Prev\u00e1dzkovate\u013ea, t. j. na pos\u00fadenie, \u010di uch\u00e1dza\u010d o&nbsp;\u010dlenstvo sp\u013a\u0148a podmienky v&nbsp;zmysle z\u00e1v\u00e4zn\u00fdch stanov Prev\u00e1dzkovate\u013ea, s\u00fa: meno a&nbsp;priezvisko, adresa, d\u00e1tum narodenia, emailov\u00fd a&nbsp;telefonick\u00fd kontakt Dotknutej osoby.<\/p>\n<p>Pr\u00e1vnym z\u00e1kladom spracovania t\u00fdchto dobrovo\u013ene poskytnut\u00fdch \u00fadajov je s\u00fahlas Dotknutej osoby, udelen\u00fd v&nbsp;zmysle \u00a7 13 ods. 1 p\u00edsm. a) Z\u00e1kona v&nbsp;spojen\u00ed s&nbsp;ust. \u010dl. 6 ods. 1 p\u00edsm. a) Nariadenia, bez ktor\u00e9ho by vyplnenie, odoslanie a&nbsp;pos\u00fadenie prihl\u00e1\u0161ky k \u010dlenstvu nebolo mo\u017en\u00e9.<\/p>\n<p>Osobn\u00e9 \u00fadaje bud\u00fa spracovan\u00e9 odo d\u0148a podania prihl\u00e1\u0161ky k&nbsp;\u010dlenstvu do vzniku \u010dlenstva v&nbsp;zmysle stanov Prev\u00e1dzkovate\u013ea, po ktor\u00fa je tento s\u00fahlas mo\u017en\u00e9 kedyko\u013evek odvola\u0165, a&nbsp;n\u00e1sledne po dobu trvania \u010dlenstva u&nbsp;Prev\u00e1dzkovate\u013ea, kedy Prev\u00e1dzkovate\u013e uveden\u00e9 \u00fadaje sprac\u00fava na in\u00e9 \u00fa\u010dely a&nbsp;na z\u00e1klade in\u00e9ho pr\u00e1vneho z\u00e1kladu, ne\u017e s\u00fahlasu Dotknutej osoby.<\/p>\n<p>Spracovan\u00edm osobn\u00fdch \u00fadajov Dotknutej osoby m\u00f4\u017ee by\u0165 poveren\u00fd sprostredkovate\u013e, ktor\u00fd pre Prev\u00e1dzkovate\u013ea a&nbsp;jeho \u00fa\u010dely zais\u0165uje alebo m\u00f4\u017ee zais\u0165ova\u0165 webhostingov\u00e9 slu\u017eby, spr\u00e1vu Internetov\u00fdch str\u00e1nok a spr\u00e1vu CRM syst\u00e9mov Prev\u00e1dzkovate\u013ea.<\/p>\n<p>Pri spracovan\u00ed osobn\u00fdch \u00fadajov Dotknutej osoby nebude doch\u00e1dza\u0165 k automatizovan\u00e9mu rozhodovaniu ani k&nbsp;profilovaniu, pri\u010dom Prev\u00e1dzkovate\u013e nem\u00e1 v \u00famysle poskytn\u00fa\u0165 osobn\u00e9 \u00fadaje do 3. krajiny, medzin\u00e1rodnej organiz\u00e1cii ani 3. osob\u00e1m, s&nbsp;v\u00fdnimkou vy\u0161\u0161ie uveden\u00fdch sprostredkovate\u013eov.<\/p>\n<p>Dotknut\u00e1 osoba m\u00e1 predov\u0161etk\u00fdm pr\u00e1vo po\u017eadova\u0165 od Prev\u00e1dzkovate\u013ea pr\u00edstup k&nbsp;svojim osobn\u00fdm \u00fadajom, ich opravu alebo vymazanie, pr\u00edpadne obmedzenie spracovania, pr\u00e1vo namieta\u0165 proti spracovaniu, pr\u00e1vo na prenosnos\u0165 \u00fadajov k&nbsp;in\u00e9mu prev\u00e1dzkovate\u013eovi, ako aj pr\u00e1vo poda\u0165 s\u0165a\u017enos\u0165 \u00daradu na ochranu osobn\u00fdch \u00fadajov, ak Prev\u00e1dzkovate\u013e a\/alebo sprostredkovate\u013e postupuje pri spracovan\u00ed osobn\u00fdch \u00fadajov v&nbsp;rozpore s&nbsp;Nariaden\u00edm a\/alebo Z\u00e1konom.<\/p>\n<p>Mo\u017enos\u0165 podania prihl\u00e1\u0161ky k&nbsp;\u010dlenstvu nie je ur\u010den\u00e1 pre Dotknut\u00e9 osoby mlad\u0161ie ako 16 rokov.<\/p>\n<p>Sprac\u00favanie osobn\u00fdch \u00fadajov v&nbsp;s\u00favislosti s&nbsp;\u010dlenstvom u&nbsp;Prev\u00e1dzkovate\u013ea a&nbsp;s&nbsp;\u00fa\u010das\u0165ou na Podujatiach Prev\u00e1dzkovate\u013ea<\/p>\n<p>Osobn\u00e9 \u00fadaje Dotknutej osoby, ktor\u00e9 Prev\u00e1dzkovate\u013e spracuje na \u00fa\u010dely vedenia riadnej evidencie \u010dlenov, na \u00fa\u010dely vystavovania a&nbsp;za\u00fa\u010dtovania v\u00fdziev k&nbsp;\u00fahrade \u010dlensk\u00fdch poplatkov, ako aj pr\u00edpadn\u00fdch darov a&nbsp;in\u00fdch pr\u00edspevkov Dotknut\u00fdch os\u00f4b, na \u00fa\u010dely sprac\u00favania prihl\u00e1\u0161ok na podujatia Prev\u00e1dzkovate\u013ea, na \u00fa\u010dely vyhotovovania prezen\u010dn\u00fdch list\u00edn a na \u00fa\u010dely sprac\u00favania z\u00e1pisov zo zasadan\u00ed org\u00e1nov Prev\u00e1dzkovate\u013ea, s\u00fa: meno a&nbsp;priezvisko, adresa, d\u00e1tum narodenia, emailov\u00fd a&nbsp;telefonick\u00fd kontakt Dotknutej osoby.<\/p>\n<p>Pr\u00e1vnym z\u00e1kladom spracovania t\u00fdchto dobrovo\u013ene poskytnut\u00fdch \u00fadajov (z\u00edskan\u00fdch pri podan\u00ed prihl\u00e1\u0161ky k \u010dlenstvu alebo pri prihl\u00e1sen\u00ed Dotknutej osoby na podujatie Prev\u00e1dzkovate\u013ea) je plnenie pr\u00e1vnych povinnost\u00ed Prev\u00e1dzkovate\u013ea v&nbsp;zmysle v\u0161eobecne z\u00e1v\u00e4zn\u00fdch pr\u00e1vnych predpisov spojen\u00fdch s&nbsp;\u010dinnos\u0165ou ob\u010dianskeho zdru\u017eenia, plnenie pr\u00e1vnych povinnost\u00ed Prev\u00e1dzkovate\u013ea vypl\u00fdvaj\u00facich zo z\u00e1v\u00e4zn\u00fdch&nbsp;podmienok pre poskytnutie pr\u00edspevku, ktor\u00fd m\u00e1 by\u0165 pou\u017eit\u00fd na \u010dinnos\u0165 Prev\u00e1dzkovate\u013ea (napr. vyhotovovanie prezen\u010dn\u00fdch list\u00edn z&nbsp;podujat\u00ed \u00faplne alebo \u010diasto\u010dne financovan\u00fdch org\u00e1nmi verejnej spr\u00e1vy), ako aj opr\u00e1vnen\u00fd z\u00e1ujem Prev\u00e1dzkovate\u013ea, ktor\u00fd spo\u010d\u00edva v&nbsp;zaisten\u00ed riadnej \u010dinnosti ob\u010dianskeho zdru\u017eenia a&nbsp;vo vyhodnocovan\u00ed z\u00e1ujmu o&nbsp;jeho podujatia.<\/p>\n<p>Osobn\u00e9 \u00fadaje bud\u00fa spracovan\u00e9 po dobu trvania \u010dlenstva u&nbsp;Prev\u00e1dzkovate\u013ea a&nbsp;n\u00e1sledne po dobu trvania z\u00e1konom stanoven\u00fdch povinnost\u00ed Prev\u00e1dzkovate\u013ea, t. j. minim\u00e1lne po dobu 10 rokov v zmysle z\u00e1kona o&nbsp;\u00fa\u010dtovn\u00edctve, pokia\u013e s\u00fa osobn\u00e9 \u00fadaje s\u00fa\u010das\u0165ou \u00fa\u010dtovn\u00fdch dokladov Prev\u00e1dzkovate\u013ea, alebo po dobu povinnej archiv\u00e1cie dokumentov (napr. prezen\u010dn\u00fdch list\u00edn) v&nbsp;zmysle z\u00e1v\u00e4zn\u00fdch&nbsp;podmienok pre poskytnutie pr\u00edspevku, ktor\u00fd m\u00e1 by\u0165 pou\u017eit\u00fd na \u010dinnos\u0165 Prev\u00e1dzkovate\u013ea.<\/p>\n<p>Spracovan\u00edm osobn\u00fdch \u00fadajov Dotknutej osoby m\u00f4\u017ee by\u0165 poveren\u00fd sprostredkovate\u013e, ktor\u00fd pre Prev\u00e1dzkovate\u013ea a&nbsp;jeho \u00fa\u010dely zais\u0165uje alebo m\u00f4\u017ee zais\u0165ova\u0165 poskytovanie \u00fa\u010dtovn\u00fdch \u010di pr\u00e1vnych slu\u017eieb, webhostingov\u00e9 slu\u017eby, spr\u00e1vu Internetov\u00fdch str\u00e1nok a spr\u00e1vu CRM syst\u00e9mov Prev\u00e1dzkovate\u013ea.<\/p>\n<p>Pri spracovan\u00ed osobn\u00fdch \u00fadajov Dotknutej osoby nebude doch\u00e1dza\u0165 k automatizovan\u00e9mu rozhodovaniu ani k&nbsp;profilovaniu, pri\u010dom Prev\u00e1dzkovate\u013e nem\u00e1 v \u00famysle poskytn\u00fa\u0165 osobn\u00e9 \u00fadaje do 3. krajiny, medzin\u00e1rodnej organiz\u00e1cii ani 3. osob\u00e1m, s&nbsp;v\u00fdnimkou vy\u0161\u0161ie uveden\u00fdch sprostredkovate\u013eov.<\/p>\n<p>Dotknut\u00e1 osoba m\u00e1 predov\u0161etk\u00fdm pr\u00e1vo po\u017eadova\u0165 od Prev\u00e1dzkovate\u013ea pr\u00edstup k&nbsp;svojim osobn\u00fdm \u00fadajom, ich opravu alebo vymazanie, pr\u00edpadne obmedzenie spracovania, pr\u00e1vo namieta\u0165 proti spracovaniu, ako aj pr\u00e1vo poda\u0165 s\u0165a\u017enos\u0165 \u00daradu na ochranu osobn\u00fdch \u00fadajov, ak Prev\u00e1dzkovate\u013e a\/alebo sprostredkovate\u013e postupuje pri spracovan\u00ed osobn\u00fdch \u00fadajov v&nbsp;rozpore s&nbsp;Nariaden\u00edm a\/alebo Z\u00e1konom.<\/p>\n<p>Sprac\u00favanie osobn\u00fdch \u00fadajov na podujatiach Prev\u00e1dzkovate\u013ea<\/p>\n<p>Osobn\u00e9 \u00fadaje Dotknutej osoby, ktor\u00e9 Prev\u00e1dzkovate\u013e spracuje na \u00fa\u010dely vyhotovenia a&nbsp;n\u00e1sledn\u00e9ho pou\u017eitia fotografi\u00ed a&nbsp;videoz\u00e1znamov z&nbsp;podujat\u00ed Prev\u00e1dzkovate\u013ea, s\u00fa: podobizne Dotknut\u00fdch os\u00f4b zachyten\u00e9 na fotografi\u00e1ch a&nbsp;videoz\u00e1znamoch.<\/p>\n<p>Pr\u00e1vnym z\u00e1kladom spracovania t\u00fdchto dobrovo\u013ene poskytnut\u00fdch \u00fadajov je opr\u00e1vnen\u00fd z\u00e1ujem Prev\u00e1dzkovate\u013ea, ktor\u00fd spo\u010d\u00edva v&nbsp;ochrane jeho majetku a v&nbsp;informovan\u00ed verejnosti o&nbsp;podujatiach prostredn\u00edctvom jeho Internetov\u00fdch str\u00e1nok a&nbsp;soci\u00e1lnych siet\u00ed, ako aj vo vyhodnocovan\u00ed z\u00e1ujmu o&nbsp;jeho podujatia&nbsp;s&nbsp;cie\u013eom ich neust\u00e1leho zlep\u0161ovania.<\/p>\n<p>Osobn\u00e9 \u00fadaje bud\u00fa spracovan\u00e9 po dobu, po ktor\u00fa ich Prev\u00e1dzkovate\u013e m\u00f4\u017ee vy\u017eadova\u0165 z&nbsp;d\u00f4vodu obhajoby svojich pr\u00e1vnych n\u00e1rokov v&nbsp;zmysle v\u0161eobecne z\u00e1v\u00e4zn\u00fdch pr\u00e1vnych predpisov.<\/p>\n<p>Spracovan\u00edm osobn\u00fdch \u00fadajov Dotknutej osoby m\u00f4\u017ee by\u0165 poveren\u00fd sprostredkovate\u013e, ktor\u00fd pre Prev\u00e1dzkovate\u013ea a&nbsp;jeho \u00fa\u010dely zais\u0165uje alebo m\u00f4\u017ee zais\u0165ova\u0165 vyhotovenie, \u00fapravu a&nbsp;zverej\u0148ovanie fotografi\u00ed a videoz\u00e1znamov, alebo ktor\u00fd m\u00f4\u017ee zais\u0165ova\u0165 webhostingov\u00e9 slu\u017eby, spr\u00e1vu Internetov\u00fdch str\u00e1nok \u010di soci\u00e1lnych siet\u00ed a spr\u00e1vu CRM syst\u00e9mov Prev\u00e1dzkovate\u013ea.<\/p>\n<p>Pri spracovan\u00ed osobn\u00fdch \u00fadajov Dotknutej osoby nebude doch\u00e1dza\u0165 k automatizovan\u00e9mu rozhodovaniu ani k&nbsp;profilovaniu, pri\u010dom Prev\u00e1dzkovate\u013e nem\u00e1 v \u00famysle poskytn\u00fa\u0165 osobn\u00e9 \u00fadaje do 3. krajiny, medzin\u00e1rodnej organiz\u00e1cii ani 3. osob\u00e1m, s&nbsp;v\u00fdnimkou vy\u0161\u0161ie uveden\u00fdch sprostredkovate\u013eov.<\/p>\n<p>Dotknut\u00e1 osoba m\u00e1 predov\u0161etk\u00fdm pr\u00e1vo po\u017eadova\u0165 od Prev\u00e1dzkovate\u013ea pr\u00edstup k&nbsp;svojim osobn\u00fdm \u00fadajom, ich opravu alebo vymazanie, pr\u00edpadne obmedzenie spracovania, pr\u00e1vo namieta\u0165 proti spracovaniu, ako aj pr\u00e1vo poda\u0165 s\u0165a\u017enos\u0165 \u00daradu na ochranu osobn\u00fdch \u00fadajov, ak Prev\u00e1dzkovate\u013e a\/alebo sprostredkovate\u013e postupuje pri spracovan\u00ed osobn\u00fdch \u00fadajov v&nbsp;rozpore s&nbsp;Nariaden\u00edm a\/alebo Z\u00e1konom.<\/p>\n<p>Sprac\u00favanie osobn\u00fdch \u00fadajov pri zriaden\u00ed a&nbsp;vyu\u017e\u00edvan\u00ed u\u017e\u00edvate\u013esk\u00e9ho \u00fa\u010dtu na Internetov\u00fdch str\u00e1nkach<\/p>\n<p>Osobn\u00e9 \u00fadaje Dotknutej osoby, ktor\u00e9 Prev\u00e1dzkovate\u013e spracuje na \u00fa\u010dely vytvorenia a&nbsp;vedenia u\u017e\u00edvate\u013esk\u00e9ho \u00fa\u010dtu Dotknutej osoby \u2013 \u010dlena na Internetov\u00fdch str\u00e1nkach, s\u00fa:<\/p>\n<p>meno a&nbsp;priezvisko, adresa, d\u00e1tum narodenia, emailov\u00fd a&nbsp;telefonick\u00fd kontakt a&nbsp;inform\u00e1cie o&nbsp;podnikate\u013eskej \u010dinnosti Dotknutej osoby, bez ktor\u00e9ho by vytvorenie u\u017e\u00edvate\u013esk\u00e9ho \u00fa\u010dtu na Internetov\u00fdch str\u00e1nkach nebolo mo\u017en\u00e9.<\/p>\n<p>Pr\u00e1vnym z\u00e1kladom spracovania t\u00fdchto dobrovo\u013ene poskytnut\u00fdch \u00fadajov (z\u00edskan\u00fdch pri podan\u00ed prihl\u00e1\u0161ky k&nbsp;\u010dlenstvu alebo po\u010das pou\u017e\u00edvania u\u017e\u00edvate\u013esk\u00e9ho \u00fa\u010dtu) je s\u00fahlas Dotknutej osoby udelen\u00fd v&nbsp;zmysle \u00a7 13 ods. 1 p\u00edsm. a) Z\u00e1kona v&nbsp;spojen\u00ed s&nbsp;ust. \u010dl. 6 ods. 1 p\u00edsm. a) Nariadenia.<\/p>\n<p>Osobn\u00e9 \u00fadaje bud\u00fa spracovan\u00e9 po dobu trvania z\u00e1ujmu Dotknutej osoby o&nbsp;vyu\u017e\u00edvanie u\u017e\u00edvate\u013esk\u00e9ho \u00fa\u010dtu, teda po dobu trvania \u00fa\u010delu ich sprac\u00favania. Po\u010das tejto doby m\u00f4\u017ee by\u0165 s\u00fahlas Dotknutej osoby kedyko\u013evek odvolan\u00fd, v&nbsp;d\u00f4sledku \u010doho Prev\u00e1dzkovate\u013e z\u00e1rove\u0148 zru\u0161\u00ed jej u\u017e\u00edvate\u013esk\u00fd \u00fa\u010det na Internetov\u00fdch str\u00e1nkach.<\/p>\n<p>Spracovan\u00edm osobn\u00fdch \u00fadajov Dotknutej osoby m\u00f4\u017ee by\u0165 poveren\u00fd sprostredkovate\u013e, ktor\u00fd pre Prev\u00e1dzkovate\u013ea a&nbsp;jeho \u00fa\u010dely zais\u0165uje alebo m\u00f4\u017ee zais\u0165ova\u0165 webhostingov\u00e9 slu\u017eby, spr\u00e1vu Internetov\u00fdch str\u00e1nok a spr\u00e1vu CRM syst\u00e9mov Prev\u00e1dzkovate\u013ea.<\/p>\n<p>Pri spracovan\u00ed osobn\u00fdch \u00fadajov Dotknutej osoby nebude doch\u00e1dza\u0165 k automatizovan\u00e9mu rozhodovaniu ani k&nbsp;profilovaniu, pri\u010dom Prev\u00e1dzkovate\u013e nem\u00e1 v \u00famysle poskytn\u00fa\u0165 osobn\u00e9 \u00fadaje do 3. krajiny, medzin\u00e1rodnej organiz\u00e1cii ani 3. osob\u00e1m, s&nbsp;v\u00fdnimkou vy\u0161\u0161ie uveden\u00fdch sprostredkovate\u013eov. Osobn\u00e9 \u00fadaje Dotknutej osoby m\u00f4\u017eu by\u0165 spr\u00edstupnen\u00e9 \u010fal\u0161\u00edm Dotknut\u00fdm osob\u00e1m \u2013 \u010dlenom Prev\u00e1dzkovate\u013ea, ktor\u00e9 maj\u00fa zriaden\u00fd vlastn\u00fd u\u017e\u00edvate\u013esk\u00fd \u00fa\u010det.<\/p>\n<p>Dotknut\u00e1 osoba m\u00e1 predov\u0161etk\u00fdm pr\u00e1vo po\u017eadova\u0165 od Prev\u00e1dzkovate\u013ea pr\u00edstup k&nbsp;svojim osobn\u00fdm \u00fadajom, ich opravu alebo vymazanie, pr\u00edpadne obmedzenie spracovania, pr\u00e1vo namieta\u0165 proti spracovaniu, pr\u00e1vo na prenosnos\u0165 \u00fadajov k&nbsp;in\u00e9mu prev\u00e1dzkovate\u013eovi, ako aj pr\u00e1vo poda\u0165 s\u0165a\u017enos\u0165 \u00daradu na ochranu osobn\u00fdch \u00fadajov, ak Prev\u00e1dzkovate\u013e a\/alebo sprostredkovate\u013e postupuje pri spracovan\u00ed osobn\u00fdch \u00fadajov v&nbsp;rozpore s&nbsp;Nariaden\u00edm a\/alebo Z\u00e1konom.<\/p>\n<p>Mo\u017enos\u0165 vytvorenia u\u017e\u00edvate\u013esk\u00e9ho \u00fa\u010dtu na Internetov\u00fdch str\u00e1nkach nie je ur\u010den\u00e1 pre Dotknut\u00e9 osoby mlad\u0161ie ako 16 rokov.<\/p>\n<p>Sprac\u00favanie osobn\u00fdch \u00fadajov pri vyu\u017e\u00edvan\u00ed kontaktn\u00fdch formul\u00e1rov na Internetov\u00fdch str\u00e1nkach<\/p>\n<p>Osobn\u00e9 \u00fadaje Dotknutej osoby, ktor\u00e9 Prev\u00e1dzkovate\u013e spracuje na \u00fa\u010dely zodpovedania ot\u00e1zky, pripomienky \u010di podmetu Dotknutej osoby, odoslan\u00e9ho cez Internetov\u00e9 str\u00e1nky, s\u00fa: meno, emailov\u00fd a&nbsp;telefonick\u00fd kontakt Dotknutej osoby.<\/p>\n<p>Pr\u00e1vnym z\u00e1kladom spracovania t\u00fdchto dobrovo\u013ene poskytnut\u00fdch \u00fadajov je s\u00fahlas Dotknutej osoby udelen\u00fd v&nbsp;zmysle \u00a7 13 ods. 1 p\u00edsm. a) Z\u00e1kona v&nbsp;spojen\u00ed s&nbsp;ust. \u010dl. 6 ods. 1 p\u00edsm. a) Nariadenia.<\/p>\n<p>Osobn\u00e9 \u00fadaje bud\u00fa spracovan\u00e9 po dobu trvania z\u00e1ujmu Dotknutej osoby o&nbsp;odpove\u010f Prev\u00e1dzkovate\u013ea, teda po dobu trvania \u00fa\u010delu ich sprac\u00favania. Po\u010das tejto doby m\u00f4\u017ee by\u0165 s\u00fahlas Dotknutej osoby kedyko\u013evek odvolan\u00fd, v&nbsp;d\u00f4sledku \u010doho Prev\u00e1dzkovate\u013e nem\u00f4\u017ee reagova\u0165 na jej ot\u00e1zku, pripomienku \u010di podmet.<\/p>\n<p>Spracovan\u00edm osobn\u00fdch \u00fadajov Dotknutej osoby m\u00f4\u017ee by\u0165 poveren\u00fd sprostredkovate\u013e, ktor\u00fd pre Prev\u00e1dzkovate\u013ea a&nbsp;jeho \u00fa\u010dely zais\u0165uje alebo m\u00f4\u017ee zais\u0165ova\u0165 webhostingov\u00e9 slu\u017eby, spr\u00e1vu Internetov\u00fdch str\u00e1nok a spr\u00e1vu CRM syst\u00e9mov Prev\u00e1dzkovate\u013ea.<\/p>\n<p>Pri spracovan\u00ed osobn\u00fdch \u00fadajov Dotknutej osoby nebude doch\u00e1dza\u0165 k automatizovan\u00e9mu rozhodovaniu ani k&nbsp;profilovaniu, pri\u010dom Prev\u00e1dzkovate\u013e nem\u00e1 v \u00famysle poskytn\u00fa\u0165 osobn\u00e9 \u00fadaje do 3. krajiny, medzin\u00e1rodnej organiz\u00e1cii ani 3. osob\u00e1m, s&nbsp;v\u00fdnimkou vy\u0161\u0161ie uveden\u00fdch sprostredkovate\u013eov.<\/p>\n<p>Dotknut\u00e1 osoba m\u00e1 predov\u0161etk\u00fdm pr\u00e1vo po\u017eadova\u0165 od Prev\u00e1dzkovate\u013ea pr\u00edstup k&nbsp;svojim osobn\u00fdm \u00fadajom, ich opravu alebo vymazanie, pr\u00edpadne obmedzenie spracovania, pr\u00e1vo namieta\u0165 proti spracovaniu, pr\u00e1vo na prenosnos\u0165 \u00fadajov k&nbsp;in\u00e9mu prev\u00e1dzkovate\u013eovi, ako aj pr\u00e1vo poda\u0165 s\u0165a\u017enos\u0165 \u00daradu na ochranu osobn\u00fdch \u00fadajov, ak Prev\u00e1dzkovate\u013e a\/alebo sprostredkovate\u013e postupuje pri spracovan\u00ed osobn\u00fdch \u00fadajov v&nbsp;rozpore s&nbsp;Nariaden\u00edm a\/alebo Z\u00e1konom.<\/p>\n<p>Mo\u017enos\u0165 vytvorenia kontaktn\u00e9ho formul\u00e1ra na Internetov\u00fdch str\u00e1nkach nie je ur\u010den\u00e1 pre Dotknut\u00e9 osoby mlad\u0161ie ako 16 rokov.<\/p>\n<\/div>\n","protected":false},"excerpt":{"rendered":"<p>Podmienky ochrany osobn\u00fdch \u00fadajov Vymedzenie pojmov Na \u00fa\u010dely t\u00fdchto podmienok sa rozumie: \u201ePrev\u00e1dzkovate\u013eom\u201c&nbsp;BenaDent s. r. o., I\u010cO: 52 798 399, so s\u00eddlom Cintor\u00ednska 16A, 94 201 \u0160urany, kontaktn\u00fd email: benadent.k@gmail.com; \u201eDotknutou osobou\u201c&nbsp;osoba, ktor\u00e1 vo vlastnom mene alebo v&nbsp;zast\u00fapen\u00ed Prev\u00e1dzkovate\u013eovi poskytuje svoje osobn\u00e9 \u00fadaje na ni\u017e\u0161ie uveden\u00e9 \u00fa\u010dely, t. j. n\u00e1v\u0161tevn\u00edk Internetov\u00fdch str\u00e1nok Prev\u00e1dzkovate\u013ea, uch\u00e1dza\u010d o&nbsp;\u010dlenstvo [&hellip;]<\/p>\n","protected":false},"author":1,"featured_media":0,"parent":0,"menu_order":0,"comment_status":"closed","ping_status":"closed","template":"","meta":{"ngg_post_thumbnail":0},"uagb_featured_image_src":{"full":false,"thumbnail":false,"medium":false,"medium_large":false,"large":false,"1536x1536":false,"2048x2048":false,"post-thumbnail":false,"vantage-thumbnail-no-sidebar":false,"vantage-slide":false,"vantage-carousel":false,"vantage-grid-loop":false,"sow-carousel-default":false},"uagb_author_info":{"display_name":"patrik.vancik14@gmail.com","author_link":"https:\/\/www.benadent.sk\/dentalna-hygiena\/author\/patrik-vancik14gmail-com\/"},"uagb_comment_info":0,"uagb_excerpt":"Podmienky ochrany osobn\u00fdch \u00fadajov Vymedzenie pojmov Na \u00fa\u010dely t\u00fdchto podmienok sa rozumie: \u201ePrev\u00e1dzkovate\u013eom\u201c&nbsp;BenaDent s. r. o., I\u010cO: 52 798 399, so s\u00eddlom Cintor\u00ednska 16A, 94 201 \u0160urany, kontaktn\u00fd email: benadent.k@gmail.com; \u201eDotknutou osobou\u201c&nbsp;osoba, ktor\u00e1 vo vlastnom mene alebo v&nbsp;zast\u00fapen\u00ed Prev\u00e1dzkovate\u013eovi poskytuje svoje osobn\u00e9 \u00fadaje na ni\u017e\u0161ie uveden\u00e9 \u00fa\u010dely, t. j. n\u00e1v\u0161tevn\u00edk Internetov\u00fdch str\u00e1nok Prev\u00e1dzkovate\u013ea, uch\u00e1dza\u010d o&nbsp;\u010dlenstvo&hellip;","_links":{"self":[{"href":"https:\/\/www.benadent.sk\/dentalna-hygiena\/wp-json\/wp\/v2\/pages\/545"}],"collection":[{"href":"https:\/\/www.benadent.sk\/dentalna-hygiena\/wp-json\/wp\/v2\/pages"}],"about":[{"href":"https:\/\/www.benadent.sk\/dentalna-hygiena\/wp-json\/wp\/v2\/types\/page"}],"author":[{"embeddable":true,"href":"https:\/\/www.benadent.sk\/dentalna-hygiena\/wp-json\/wp\/v2\/users\/1"}],"replies":[{"embeddable":true,"href":"https:\/\/www.benadent.sk\/dentalna-hygiena\/wp-json\/wp\/v2\/comments?post=545"}],"version-history":[{"count":5,"href":"https:\/\/www.benadent.sk\/dentalna-hygiena\/wp-json\/wp\/v2\/pages\/545\/revisions"}],"predecessor-version":[{"id":550,"href":"https:\/\/www.benadent.sk\/dentalna-hygiena\/wp-json\/wp\/v2\/pages\/545\/revisions\/550"}],"wp:attachment":[{"href":"https:\/\/www.benadent.sk\/dentalna-hygiena\/wp-json\/wp\/v2\/media?parent=545"}],"curies":[{"name":"wp","href":"https:\/\/api.w.org\/{rel}","templated":true}]}}