{"id":539,"date":"2020-02-09T17:13:03","date_gmt":"2020-02-09T16:13:03","guid":{"rendered":"https:\/\/www.benadent.sk\/zubna-ambulancia\/?page_id=539"},"modified":"2020-03-05T11:43:08","modified_gmt":"2020-03-05T10:43:08","slug":"ambulancia","status":"publish","type":"page","link":"https:\/\/www.benadent.sk\/zubna-ambulancia\/ambulancia\/","title":{"rendered":"Ambulancia"},"content":{"rendered":"\n\n<div id=\"pl-gb539-69ef817ddd6a1\"  class=\"panel-layout\" ><div id=\"pg-gb539-69ef817ddd6a1-0\"  class=\"panel-grid panel-no-style\" ><div id=\"pgc-gb539-69ef817ddd6a1-0-0\"  class=\"panel-grid-cell\" ><div id=\"panel-gb539-69ef817ddd6a1-0-0-0\" class=\"so-panel widget widget_headline-widget panel-first-child panel-last-child\" data-index=\"0\" >\t\t<h1><h1 style=\"color:#000\">Ambulancia<\/h1><\/h1>\n\t\t<div class=\"decoration\"><div class=\"decoration-inside\"><\/div><\/div>\n\t\t<h3><\/h3>\n\t\t<\/div><\/div><\/div><div id=\"pg-gb539-69ef817ddd6a1-1\"  class=\"panel-grid panel-no-style\" ><div id=\"pgc-gb539-69ef817ddd6a1-1-0\"  class=\"panel-grid-cell\" ><div id=\"panel-gb539-69ef817ddd6a1-1-0-0\" class=\"widget_text so-panel widget widget_custom_html panel-first-child panel-last-child\" data-index=\"1\" ><div class=\"textwidget custom-html-widget\">\n<div class=\"ngg-galleryoverview\" id=\"ngg-gallery-ea4252727fa9972be4663934256cc511-0\">\n\n\t\t\n\t<!-- Thumbnails -->\n\t\t\t\t\t\n\t<div id=\"ngg-image-179\" class=\"ngg-gallery-thumbnail-box\"  >\n\t\t<div class=\"ngg-gallery-thumbnail\" >\n\t\t\t<a href=\"https:\/\/www.benadent.sk\/zubna-ambulancia\/wp-content\/gallery\/ambulancia\/cakaren1.jpg\"\n\t\t\t\ttitle=\" \"\n\t\t\t\tclass='use_imagebrowser_effect' data-imagebrowser-url='\/nggallery\/image\/%STUB%' >\n\t\t\t\t\t\t\t\t<img decoding=\"async\" title=\"\u010cak\u00e1re\u0148\" alt=\"\u010cak\u00e1re\u0148\" src=\"https:\/\/www.benadent.sk\/zubna-ambulancia\/wp-content\/gallery\/ambulancia\/cache\/cakaren1.jpg-nggid03179-ngg0dyn-180x180x100-00f0w010c010r110f110r010t010.jpg\" width='180' height='180' \/>\n\t\t\t\t\t\t\t<\/a>\n\t\t<\/div>\n\t<\/div>\n\n\t\t\t\t\t\t\t\t\t\n\t\t\n\t<div id=\"ngg-image-180\" class=\"ngg-gallery-thumbnail-box\"  >\n\t\t<div class=\"ngg-gallery-thumbnail\" >\n\t\t\t<a href=\"https:\/\/www.benadent.sk\/zubna-ambulancia\/wp-content\/gallery\/ambulancia\/cakaren2.jpg\"\n\t\t\t\ttitle=\" \"\n\t\t\t\tclass='use_imagebrowser_effect' data-imagebrowser-url='\/nggallery\/image\/%STUB%' >\n\t\t\t\t\t\t\t\t<img decoding=\"async\" title=\"\u010cak\u00e1re\u0148\" alt=\"\u010cak\u00e1re\u0148\" src=\"https:\/\/www.benadent.sk\/zubna-ambulancia\/wp-content\/gallery\/ambulancia\/cache\/cakaren2.jpg-nggid03180-ngg0dyn-180x180x100-00f0w010c010r110f110r010t010.jpg\" width='180' height='180' \/>\n\t\t\t\t\t\t\t<\/a>\n\t\t<\/div>\n\t<\/div>\n\n\t\t\t\t\t\t\t\t\t\n\t\t\n\t<div id=\"ngg-image-181\" class=\"ngg-gallery-thumbnail-box\"  >\n\t\t<div class=\"ngg-gallery-thumbnail\" >\n\t\t\t<a href=\"https:\/\/www.benadent.sk\/zubna-ambulancia\/wp-content\/gallery\/ambulancia\/ambulancia3.jpg\"\n\t\t\t\ttitle=\" \"\n\t\t\t\tclass='use_imagebrowser_effect' data-imagebrowser-url='\/nggallery\/image\/%STUB%' >\n\t\t\t\t\t\t\t\t<img decoding=\"async\" title=\"Ambulancia\" alt=\"Ambulancia\" src=\"https:\/\/www.benadent.sk\/zubna-ambulancia\/wp-content\/gallery\/ambulancia\/cache\/ambulancia3.jpg-nggid03181-ngg0dyn-180x180x100-00f0w010c010r110f110r010t010.jpg\" width='180' height='180' \/>\n\t\t\t\t\t\t\t<\/a>\n\t\t<\/div>\n\t<\/div>\n\n\t\t\t\t\t\t\t\t\t\n\t\t\n\t<div id=\"ngg-image-182\" class=\"ngg-gallery-thumbnail-box\"  >\n\t\t<div class=\"ngg-gallery-thumbnail\" >\n\t\t\t<a href=\"https:\/\/www.benadent.sk\/zubna-ambulancia\/wp-content\/gallery\/ambulancia\/ambulancia1.jpg\"\n\t\t\t\ttitle=\" \"\n\t\t\t\tclass='use_imagebrowser_effect' data-imagebrowser-url='\/nggallery\/image\/%STUB%' >\n\t\t\t\t\t\t\t\t<img decoding=\"async\" title=\"Ambulancia\" alt=\"Ambulancia\" src=\"https:\/\/www.benadent.sk\/zubna-ambulancia\/wp-content\/gallery\/ambulancia\/cache\/ambulancia1.jpg-nggid03182-ngg0dyn-180x180x100-00f0w010c010r110f110r010t010.jpg\" width='180' height='180' \/>\n\t\t\t\t\t\t\t<\/a>\n\t\t<\/div>\n\t<\/div>\n\n\t\t\t\t\t\t\t\t\t\n\t\t\n\t<div id=\"ngg-image-183\" class=\"ngg-gallery-thumbnail-box\"  >\n\t\t<div class=\"ngg-gallery-thumbnail\" >\n\t\t\t<a href=\"https:\/\/www.benadent.sk\/zubna-ambulancia\/wp-content\/gallery\/ambulancia\/ambulancia2.jpg\"\n\t\t\t\ttitle=\" \"\n\t\t\t\tclass='use_imagebrowser_effect' data-imagebrowser-url='\/nggallery\/image\/%STUB%' >\n\t\t\t\t\t\t\t\t<img decoding=\"async\" title=\"Ambulancia\" alt=\"Ambulancia\" src=\"https:\/\/www.benadent.sk\/zubna-ambulancia\/wp-content\/gallery\/ambulancia\/cache\/ambulancia2.jpg-nggid03183-ngg0dyn-180x180x100-00f0w010c010r110f110r010t010.jpg\" width='180' height='180' \/>\n\t\t\t\t\t\t\t<\/a>\n\t\t<\/div>\n\t<\/div>\n\n\t\t\t\t\t\t\t\t\t\n\t\t\n\t<!-- Pagination -->\n\t\t<div class='ngg-clear'><\/div>\t\n<\/div>\n\n\t<\/div><\/div><\/div><\/div><\/div>","protected":false},"excerpt":{"rendered":"","protected":false},"author":1,"featured_media":0,"parent":0,"menu_order":0,"comment_status":"closed","ping_status":"closed","template":"","meta":{"ngg_post_thumbnail":0,"footnotes":""},"aioseo_notices":[],"uagb_featured_image_src":{"full":false,"thumbnail":false,"medium":false,"medium_large":false,"large":false,"1536x1536":false,"2048x2048":false,"post-thumbnail":false,"vantage-thumbnail-no-sidebar":false,"vantage-slide":false,"vantage-carousel":false,"vantage-grid-loop":false,"sow-carousel-default":false},"uagb_author_info":{"display_name":"patrik.vancik14@gmail.com","author_link":"https:\/\/www.benadent.sk\/zubna-ambulancia\/author\/patrik-vancik14gmail-com\/"},"uagb_comment_info":0,"uagb_excerpt":null,"_links":{"self":[{"href":"https:\/\/www.benadent.sk\/zubna-ambulancia\/wp-json\/wp\/v2\/pages\/539"}],"collection":[{"href":"https:\/\/www.benadent.sk\/zubna-ambulancia\/wp-json\/wp\/v2\/pages"}],"about":[{"href":"https:\/\/www.benadent.sk\/zubna-ambulancia\/wp-json\/wp\/v2\/types\/page"}],"author":[{"embeddable":true,"href":"https:\/\/www.benadent.sk\/zubna-ambulancia\/wp-json\/wp\/v2\/users\/1"}],"replies":[{"embeddable":true,"href":"https:\/\/www.benadent.sk\/zubna-ambulancia\/wp-json\/wp\/v2\/comments?post=539"}],"version-history":[{"count":15,"href":"https:\/\/www.benadent.sk\/zubna-ambulancia\/wp-json\/wp\/v2\/pages\/539\/revisions"}],"predecessor-version":[{"id":651,"href":"https:\/\/www.benadent.sk\/zubna-ambulancia\/wp-json\/wp\/v2\/pages\/539\/revisions\/651"}],"wp:attachment":[{"href":"https:\/\/www.benadent.sk\/zubna-ambulancia\/wp-json\/wp\/v2\/media?parent=539"}],"curies":[{"name":"wp","href":"https:\/\/api.w.org\/{rel}","templated":true}]}}